{"id":983,"date":"2024-02-03T19:11:03","date_gmt":"2024-02-03T18:11:03","guid":{"rendered":"https:\/\/searok.de\/?page_id=983"},"modified":"2024-02-03T19:18:23","modified_gmt":"2024-02-03T18:18:23","slug":"home","status":"publish","type":"page","link":"https:\/\/searok.de\/de\/home\/","title":{"rendered":"Home"},"content":{"rendered":"\n<div class=\"wp-block-query is-layout-flow wp-block-query-is-layout-flow\"><ul class=\"wp-block-post-template is-layout-flow wp-block-post-template-is-layout-flow\"><li class=\"wp-block-post post-1321 post type-post status-publish format-standard has-post-thumbnail hentry category-uncategorized\">\n\n<div class=\"wp-block-columns alignwide is-layout-flex wp-container-core-columns-is-layout-9d6595d7 wp-block-columns-is-layout-flex\">\n<div class=\"wp-block-column is-layout-flow wp-block-column-is-layout-flow\" style=\"flex-basis:66.66%\"><figure class=\"wp-block-post-featured-image\"><a href=\"https:\/\/searok.de\/de\/2025\/menschliche-jagtrophaee-susie\/\" target=\"_self\"  ><img loading=\"lazy\" decoding=\"async\" width=\"1706\" height=\"2560\" src=\"https:\/\/searok.de\/wp-content\/uploads\/2025\/10\/streetview_060-scaled.jpg\" class=\"attachment-post-thumbnail size-post-thumbnail wp-post-image\" alt=\"Menschliche Jagtroph\u00e4e # Susi\" style=\"object-fit:cover;\" srcset=\"https:\/\/searok.de\/wp-content\/uploads\/2025\/10\/streetview_060-scaled.jpg 1706w, https:\/\/searok.de\/wp-content\/uploads\/2025\/10\/streetview_060-200x300.jpg 200w, https:\/\/searok.de\/wp-content\/uploads\/2025\/10\/streetview_060-683x1024.jpg 683w, https:\/\/searok.de\/wp-content\/uploads\/2025\/10\/streetview_060-768x1152.jpg 768w, https:\/\/searok.de\/wp-content\/uploads\/2025\/10\/streetview_060-1024x1536.jpg 1024w, https:\/\/searok.de\/wp-content\/uploads\/2025\/10\/streetview_060-1365x2048.jpg 1365w, https:\/\/searok.de\/wp-content\/uploads\/2025\/10\/streetview_060-64x96.jpg 64w\" sizes=\"auto, (max-width: 1706px) 100vw, 1706px\" \/><\/a><\/figure><\/div>\n\n\n\n<div class=\"wp-block-column is-layout-flow wp-block-column-is-layout-flow\" style=\"flex-basis:33.33%\"><h2 class=\"wp-block-post-title\"><a href=\"https:\/\/searok.de\/de\/2025\/menschliche-jagtrophaee-susie\/\" target=\"_self\" >Menschliche Jagtroph\u00e4e # Susi<\/a><\/h2>\n\n<div class=\"wp-block-post-excerpt\"><p class=\"wp-block-post-excerpt__excerpt\">STETTIN 2025 STREETVIEW ART MEETING VOL: II Im Sommer 2024 habe ich Kreda beim Airport Battle Festival in Kolberg an der polnischen Ostsee kennengelernt. Wir standen zuf\u00e4llig an derselben Wand \u2013 und waren sofort auf einer Wellenl\u00e4nge. Ein Jahr sp\u00e4ter lud ich Ihn zur vierten Rumsitzenjam ein. Er hat nicht lange \u00fcberlegt. Ein halbes Jahr&hellip; <\/p><\/div><\/div>\n<\/div>\n\n<\/li><li class=\"wp-block-post post-933 post type-post status-publish format-standard has-post-thumbnail hentry category-uncategorized\">\n\n<div class=\"wp-block-columns alignwide is-layout-flex wp-container-core-columns-is-layout-9d6595d7 wp-block-columns-is-layout-flex\">\n<div class=\"wp-block-column is-layout-flow wp-block-column-is-layout-flow\" style=\"flex-basis:66.66%\"><figure class=\"wp-block-post-featured-image\"><a href=\"https:\/\/searok.de\/de\/2023\/human-hunting-trophy-sayne-one\/\" target=\"_self\"  ><img loading=\"lazy\" decoding=\"async\" width=\"1875\" height=\"2560\" src=\"https:\/\/searok.de\/wp-content\/uploads\/2024\/01\/ELK-SAYNE-9--scaled.jpg\" class=\"attachment-post-thumbnail size-post-thumbnail wp-post-image\" alt=\"Menschliche Jagdtroph\u00e4e #SAYNE ONE\" style=\"object-fit:cover;\" srcset=\"https:\/\/searok.de\/wp-content\/uploads\/2024\/01\/ELK-SAYNE-9--scaled.jpg 1875w, https:\/\/searok.de\/wp-content\/uploads\/2024\/01\/ELK-SAYNE-9--220x300.jpg 220w, https:\/\/searok.de\/wp-content\/uploads\/2024\/01\/ELK-SAYNE-9--750x1024.jpg 750w, https:\/\/searok.de\/wp-content\/uploads\/2024\/01\/ELK-SAYNE-9--768x1049.jpg 768w, https:\/\/searok.de\/wp-content\/uploads\/2024\/01\/ELK-SAYNE-9--1125x1536.jpg 1125w, https:\/\/searok.de\/wp-content\/uploads\/2024\/01\/ELK-SAYNE-9--1500x2048.jpg 1500w, https:\/\/searok.de\/wp-content\/uploads\/2024\/01\/ELK-SAYNE-9--70x96.jpg 70w\" sizes=\"auto, (max-width: 1875px) 100vw, 1875px\" \/><\/a><\/figure><\/div>\n\n\n\n<div class=\"wp-block-column is-layout-flow wp-block-column-is-layout-flow\" style=\"flex-basis:33.33%\"><h2 class=\"wp-block-post-title\"><a href=\"https:\/\/searok.de\/de\/2023\/human-hunting-trophy-sayne-one\/\" target=\"_self\" >Menschliche Jagdtroph\u00e4e #SAYNE ONE<\/a><\/h2>\n\n<div class=\"wp-block-post-excerpt\"><p class=\"wp-block-post-excerpt__excerpt\">HELSINKI &#8211; 2023 Auf meiner Skandinavien-Reise hatte ich die Gelegenheit, im Street-Art-Viertel \u201ePasila\u201c in Helsinki zwei Pfeiler f\u00fcr Helsinki Urban Art zu bemalen. Das lies ich mir nat\u00fcrlich nicht zwei mal sagen und malte zwei zwei menschliche Jagdtroph\u00e4en als Portr\u00e4t meines Buddys Sayne One aus Salzburg auf die Betons\u00e4ulen. Eine der Troph\u00e4en hat das Geweih&hellip; <\/p><\/div><\/div>\n<\/div>\n\n<\/li><li class=\"wp-block-post post-964 post type-post status-publish format-standard has-post-thumbnail hentry category-uncategorized\">\n\n<div class=\"wp-block-columns alignwide is-layout-flex wp-container-core-columns-is-layout-9d6595d7 wp-block-columns-is-layout-flex\">\n<div class=\"wp-block-column is-layout-flow wp-block-column-is-layout-flow\" style=\"flex-basis:66.66%\"><figure class=\"wp-block-post-featured-image\"><a href=\"https:\/\/searok.de\/de\/2023\/trashkid-tobi\/\" target=\"_self\"  ><img loading=\"lazy\" decoding=\"async\" width=\"1706\" height=\"1706\" src=\"https:\/\/searok.de\/wp-content\/uploads\/2024\/02\/snosatra-closeup-scaled-e1707482618878.jpg\" class=\"attachment-post-thumbnail size-post-thumbnail wp-post-image\" alt=\"TRASHKID TOBI\" style=\"object-fit:cover;\" srcset=\"https:\/\/searok.de\/wp-content\/uploads\/2024\/02\/snosatra-closeup-scaled-e1707482618878.jpg 1706w, https:\/\/searok.de\/wp-content\/uploads\/2024\/02\/snosatra-closeup-scaled-e1707482618878-300x300.jpg 300w, https:\/\/searok.de\/wp-content\/uploads\/2024\/02\/snosatra-closeup-scaled-e1707482618878-1024x1024.jpg 1024w, https:\/\/searok.de\/wp-content\/uploads\/2024\/02\/snosatra-closeup-scaled-e1707482618878-150x150.jpg 150w, https:\/\/searok.de\/wp-content\/uploads\/2024\/02\/snosatra-closeup-scaled-e1707482618878-768x768.jpg 768w, https:\/\/searok.de\/wp-content\/uploads\/2024\/02\/snosatra-closeup-scaled-e1707482618878-1536x1536.jpg 1536w, https:\/\/searok.de\/wp-content\/uploads\/2024\/02\/snosatra-closeup-scaled-e1707482618878-980x980.jpg 980w, https:\/\/searok.de\/wp-content\/uploads\/2024\/02\/snosatra-closeup-scaled-e1707482618878-96x96.jpg 96w\" sizes=\"auto, (max-width: 1706px) 100vw, 1706px\" \/><\/a><\/figure><\/div>\n\n\n\n<div class=\"wp-block-column is-layout-flow wp-block-column-is-layout-flow\" style=\"flex-basis:33.33%\"><h2 class=\"wp-block-post-title\"><a href=\"https:\/\/searok.de\/de\/2023\/trashkid-tobi\/\" target=\"_self\" >TRASHKID TOBI<\/a><\/h2>\n\n<div class=\"wp-block-post-excerpt\"><p class=\"wp-block-post-excerpt__excerpt\">HELSINKI &#8211; SPRING BREAK Snosatra THE TRASHKIDS W\u00e4hrend sich die Stra\u00dfe vor uns auf unserem Road Trips erstreckte, bekam ich pl\u00f6tzlich und Unerwartet eine Nachricht, eine Einladung zum Springbeast Fesival in Snosatra Stockholm. Es war einer dieser spontanen Abstecher, welche eine Tour erst so richtig spannend machen. So entschieden wir uns f\u00fcr einen Stop und&hellip; <\/p><\/div><\/div>\n<\/div>\n\n<\/li><\/ul><\/div>\n","protected":false},"excerpt":{"rendered":"","protected":false},"author":1,"featured_media":0,"parent":0,"menu_order":0,"comment_status":"closed","ping_status":"closed","template":"","meta":{"_de_post_content":"<!-- wp:query {\"queryId\":20,\"query\":{\"perPage\":3,\"pages\":0,\"offset\":0,\"postType\":\"post\",\"order\":\"desc\",\"orderBy\":\"date\",\"author\":\"\",\"search\":\"\",\"exclude\":[],\"sticky\":\"\",\"inherit\":false}} -->\n<div class=\"wp-block-query\"><!-- wp:post-template -->\n<!-- wp:columns {\"align\":\"wide\"} -->\n<div class=\"wp-block-columns alignwide\"><!-- wp:column {\"width\":\"66.66%\"} -->\n<div class=\"wp-block-column\" style=\"flex-basis:66.66%\"><!-- wp:post-featured-image {\"isLink\":true} \/--><\/div>\n<!-- \/wp:column -->\n\n<!-- wp:column {\"width\":\"33.33%\"} -->\n<div class=\"wp-block-column\" style=\"flex-basis:33.33%\"><!-- wp:post-title {\"isLink\":true} \/-->\n\n<!-- wp:post-excerpt \/--><\/div>\n<!-- \/wp:column --><\/div>\n<!-- \/wp:columns -->\n<!-- \/wp:post-template --><\/div>\n<!-- \/wp:query -->","_de_post_name":"home","_de_post_excerpt":"","_de_post_title":"Home","_en_post_content":"","_en_post_name":"","_en_post_excerpt":"","_en_post_title":"","edit_language":"de","footnotes":""},"class_list":["post-983","page","type-page","status-publish","hentry"],"_links":{"self":[{"href":"https:\/\/searok.de\/de\/wp-json\/wp\/v2\/pages\/983","targetHints":{"allow":["GET"]}}],"collection":[{"href":"https:\/\/searok.de\/de\/wp-json\/wp\/v2\/pages"}],"about":[{"href":"https:\/\/searok.de\/de\/wp-json\/wp\/v2\/types\/page"}],"author":[{"embeddable":true,"href":"https:\/\/searok.de\/de\/wp-json\/wp\/v2\/users\/1"}],"replies":[{"embeddable":true,"href":"https:\/\/searok.de\/de\/wp-json\/wp\/v2\/comments?post=983"}],"version-history":[{"count":2,"href":"https:\/\/searok.de\/de\/wp-json\/wp\/v2\/pages\/983\/revisions"}],"predecessor-version":[{"id":992,"href":"https:\/\/searok.de\/de\/wp-json\/wp\/v2\/pages\/983\/revisions\/992"}],"wp:attachment":[{"href":"https:\/\/searok.de\/de\/wp-json\/wp\/v2\/media?parent=983"}],"curies":[{"name":"wp","href":"https:\/\/api.w.org\/{rel}","templated":true}]}}